{"id":13,"date":"2026-03-06T19:27:40","date_gmt":"2026-03-06T18:27:40","guid":{"rendered":"https:\/\/klpbreesemarsch55.de\/?page_id=13"},"modified":"2026-05-04T09:33:29","modified_gmt":"2026-05-04T07:33:29","slug":"programm","status":"publish","type":"page","link":"https:\/\/klpbreesemarsch55.de\/?page_id=13","title":{"rendered":"Programm 2026"},"content":{"rendered":"\n<figure class=\"wp-block-table alignfull is-style-stripes\"><table class=\"has-fixed-layout\"><thead><tr><th class=\"has-text-align-center\" data-align=\"center\">Datum<\/th><th class=\"has-text-align-center\" data-align=\"center\">Uhrzeit<\/th><th class=\"has-text-align-center\" data-align=\"center\">Programmpunkt<\/th><th class=\"has-text-align-center\" data-align=\"center\">Ort<\/th><\/tr><\/thead><tbody><tr><td class=\"has-text-align-center\" data-align=\"center\"><strong>14.5.26<\/strong><\/td><td class=\"has-text-align-center\" data-align=\"center\">15:00<\/td><td class=\"has-text-align-center\" data-align=\"center\">Sideshow Charlatans<\/td><td class=\"has-text-align-center\" data-align=\"center\">B\u00fchne<\/td><\/tr><tr><td class=\"has-text-align-center\" data-align=\"center\"><\/td><td class=\"has-text-align-center\" data-align=\"center\">16:30<\/td><td class=\"has-text-align-center\" data-align=\"center\">Mark Socha<\/td><td class=\"has-text-align-center\" data-align=\"center\">B\u00fchne<\/td><\/tr><tr><td class=\"has-text-align-center\" data-align=\"center\"><\/td><td class=\"has-text-align-center\" data-align=\"center\">18:00<\/td><td class=\"has-text-align-center\" data-align=\"center\">Herr Konrad<\/td><td class=\"has-text-align-center\" data-align=\"center\">B\u00fchne<\/td><\/tr><tr><td class=\"has-text-align-center\" data-align=\"center\"><\/td><td class=\"has-text-align-center\" data-align=\"center\"><\/td><td class=\"has-text-align-center\" data-align=\"center\"><\/td><td class=\"has-text-align-center\" data-align=\"center\"><\/td><\/tr><tr><td class=\"has-text-align-center\" data-align=\"center\"><strong>15.5.26<\/strong><\/td><td class=\"has-text-align-center\" data-align=\"center\">15:30<\/td><td class=\"has-text-align-center\" data-align=\"center\">Mark Socha<\/td><td class=\"has-text-align-center\" data-align=\"center\"><\/td><\/tr><tr><td class=\"has-text-align-center\" data-align=\"center\"><\/td><td class=\"has-text-align-center\" data-align=\"center\">17:00<\/td><td class=\"has-text-align-center\" data-align=\"center\">Jessiebrasscollective<\/td><td class=\"has-text-align-center\" data-align=\"center\"><\/td><\/tr><tr><td class=\"has-text-align-center\" data-align=\"center\"><\/td><td class=\"has-text-align-center\" data-align=\"center\"><\/td><td class=\"has-text-align-center\" data-align=\"center\"><\/td><td class=\"has-text-align-center\" data-align=\"center\"><\/td><\/tr><tr><td class=\"has-text-align-center\" data-align=\"center\"><strong>16.5.25<\/strong><\/td><td class=\"has-text-align-center\" data-align=\"center\">13:00<\/td><td class=\"has-text-align-center\" data-align=\"center\">Mark Socha<\/td><td class=\"has-text-align-center\" data-align=\"center\"><\/td><\/tr><tr><td class=\"has-text-align-center\" data-align=\"center\"><\/td><td class=\"has-text-align-center\" data-align=\"center\">16:00<\/td><td class=\"has-text-align-center\" data-align=\"center\">Herr Konrad<\/td><td class=\"has-text-align-center\" data-align=\"center\"><\/td><\/tr><tr><td class=\"has-text-align-center\" data-align=\"center\"><\/td><td class=\"has-text-align-center\" data-align=\"center\">18:00<\/td><td class=\"has-text-align-center\" data-align=\"center\">ELJO<\/td><td class=\"has-text-align-center\" data-align=\"center\"><\/td><\/tr><tr><td class=\"has-text-align-center\" data-align=\"center\"><\/td><td class=\"has-text-align-center\" data-align=\"center\"><\/td><td class=\"has-text-align-center\" data-align=\"center\"><\/td><td class=\"has-text-align-center\" data-align=\"center\"><\/td><\/tr><tr><td class=\"has-text-align-center\" data-align=\"center\"><strong>17.5.26<\/strong><\/td><td class=\"has-text-align-center\" data-align=\"center\"><\/td><td class=\"has-text-align-center\" data-align=\"center\"><\/td><td class=\"has-text-align-center\" data-align=\"center\"><\/td><\/tr><tr><td class=\"has-text-align-center\" data-align=\"center\"><\/td><td class=\"has-text-align-center\" data-align=\"center\"><\/td><td class=\"has-text-align-center\" data-align=\"center\"><\/td><td class=\"has-text-align-center\" data-align=\"center\"><\/td><\/tr><tr><td class=\"has-text-align-center\" data-align=\"center\"><\/td><td class=\"has-text-align-center\" data-align=\"center\"><\/td><td class=\"has-text-align-center\" data-align=\"center\"><\/td><td class=\"has-text-align-center\" data-align=\"center\"><\/td><\/tr><tr><td class=\"has-text-align-center\" data-align=\"center\"><\/td><td class=\"has-text-align-center\" data-align=\"center\"><\/td><td class=\"has-text-align-center\" data-align=\"center\"><\/td><td class=\"has-text-align-center\" data-align=\"center\"><\/td><\/tr><tr><td class=\"has-text-align-center\" data-align=\"center\"><\/td><td class=\"has-text-align-center\" data-align=\"center\"><\/td><td class=\"has-text-align-center\" data-align=\"center\"><\/td><td class=\"has-text-align-center\" data-align=\"center\"><\/td><\/tr><tr><td class=\"has-text-align-center\" data-align=\"center\"><\/td><td class=\"has-text-align-center\" data-align=\"center\"><\/td><td class=\"has-text-align-center\" data-align=\"center\"><\/td><td class=\"has-text-align-center\" data-align=\"center\"><\/td><\/tr><tr><td class=\"has-text-align-center\" data-align=\"center\"><\/td><td class=\"has-text-align-center\" data-align=\"center\"><\/td><td class=\"has-text-align-center\" data-align=\"center\"><\/td><td class=\"has-text-align-center\" data-align=\"center\"><\/td><\/tr><tr><td class=\"has-text-align-center\" data-align=\"center\"><\/td><td class=\"has-text-align-center\" data-align=\"center\"><\/td><td class=\"has-text-align-center\" data-align=\"center\"><\/td><td class=\"has-text-align-center\" data-align=\"center\"><\/td><\/tr><tr><td class=\"has-text-align-center\" data-align=\"center\"><\/td><td class=\"has-text-align-center\" data-align=\"center\"><\/td><td class=\"has-text-align-center\" data-align=\"center\"><\/td><td class=\"has-text-align-center\" data-align=\"center\"><\/td><\/tr><\/tbody><\/table><\/figure>\n\n\n\n<p>Kurzfristige \u00c4nderungen finden sie an unserer Info Tafel<\/p>\n\n\n\n<p><\/p>\n","protected":false},"excerpt":{"rendered":"<p>Datum Uhrzeit Programmpunkt Ort 14.5.26 15:00 Sideshow Charlatans B\u00fchne 16:30 Mark Socha B\u00fchne 18:00 Herr Konrad B\u00fchne 15.5.26 15:30 Mark Socha 17:00 Jessiebrasscollective 16.5.25 13:00 Mark Socha 16:00 Herr Konrad 18:00 ELJO 17.5.26 Kurzfristige \u00c4nderungen finden sie an unserer Info Tafel<\/p>\n","protected":false},"author":1,"featured_media":0,"parent":0,"menu_order":0,"comment_status":"closed","ping_status":"closed","template":"","meta":{"footnotes":""},"class_list":["post-13","page","type-page","status-publish","hentry","entry"],"_links":{"self":[{"href":"https:\/\/klpbreesemarsch55.de\/index.php?rest_route=\/wp\/v2\/pages\/13","targetHints":{"allow":["GET"]}}],"collection":[{"href":"https:\/\/klpbreesemarsch55.de\/index.php?rest_route=\/wp\/v2\/pages"}],"about":[{"href":"https:\/\/klpbreesemarsch55.de\/index.php?rest_route=\/wp\/v2\/types\/page"}],"author":[{"embeddable":true,"href":"https:\/\/klpbreesemarsch55.de\/index.php?rest_route=\/wp\/v2\/users\/1"}],"replies":[{"embeddable":true,"href":"https:\/\/klpbreesemarsch55.de\/index.php?rest_route=%2Fwp%2Fv2%2Fcomments&post=13"}],"version-history":[{"count":9,"href":"https:\/\/klpbreesemarsch55.de\/index.php?rest_route=\/wp\/v2\/pages\/13\/revisions"}],"predecessor-version":[{"id":157,"href":"https:\/\/klpbreesemarsch55.de\/index.php?rest_route=\/wp\/v2\/pages\/13\/revisions\/157"}],"wp:attachment":[{"href":"https:\/\/klpbreesemarsch55.de\/index.php?rest_route=%2Fwp%2Fv2%2Fmedia&parent=13"}],"curies":[{"name":"wp","href":"https:\/\/api.w.org\/{rel}","templated":true}]}}